{"id":176,"date":"2025-06-30T14:12:33","date_gmt":"2025-06-30T14:12:33","guid":{"rendered":"https:\/\/www.cataruga.com\/?page_id=176"},"modified":"2025-08-04T17:27:03","modified_gmt":"2025-08-04T17:27:03","slug":"176-2","status":"publish","type":"page","link":"https:\/\/www.cataruga.com\/fr_fr\/176-2\/","title":{"rendered":"Demande d&#8217;inscription"},"content":{"rendered":"<p>[et_pb_section fb_built=&#8221;1&#8243; fullwidth=&#8221;on&#8221; admin_label=&#8221;Hero Section&#8221; _builder_version=&#8221;4.16&#8243; locked=&#8221;off&#8221; global_colors_info=&#8221;{}&#8221;][et_pb_fullwidth_header title=&#8221;Essai de navigation sur la TORTUE 147&#8243; text_orientation=&#8221;center&#8221; header_scroll_down=&#8221;on&#8221; background_overlay_color=&#8221;rgba(0,0,0,0.5)&#8221; title_font_color=&#8221;#ffffff&#8221; subhead_font_color=&#8221;#ffffff&#8221; _builder_version=&#8221;4.27.4&#8243; title_font=&#8221;||||||||&#8221; title_text_color=&#8221;#ffffff&#8221; title_font_size=&#8221;76px&#8221; title_line_height=&#8221;1.1em&#8221; content_font=&#8221;||||||||&#8221; subhead_font=&#8221;Open Sans||||||||&#8221; subhead_text_color=&#8221;#ffffff&#8221; subhead_font_size=&#8221;24px&#8221; subhead_line_height=&#8221;1.6em&#8221; background_color=&#8221;rgba(255, 255, 255, 0)&#8221; background_image=&#8221;https:\/\/www.cataruga.com\/wp-content\/uploads\/2025\/06\/vue-de-haut01.jpg&#8221; custom_button_one=&#8221;on&#8221; button_one_text_size=&#8221;14px&#8221; button_one_text_color=&#8221;#ffffff&#8221; button_one_bg_color=&#8221;#0099e5&#8243; button_one_border_width=&#8221;12px&#8221; button_one_border_color=&#8221;#0099e5&#8243; button_one_border_radius=&#8221;0px&#8221; button_one_letter_spacing=&#8221;2px&#8221; button_one_font=&#8221;Nunito|700||on|||||&#8221; button_one_use_icon=&#8221;off&#8221; background_layout=&#8221;light&#8221; width=&#8221;100%&#8221; max_width=&#8221;100%&#8221; min_height=&#8221;600px&#8221; height=&#8221;600px&#8221; custom_margin=&#8221;|||&#8221; animation_style=&#8221;fade&#8221; title_font_size_tablet=&#8221;&#8221; title_font_size_phone=&#8221;48px&#8221; title_font_size_last_edited=&#8221;on|phone&#8221; subhead_font_size_tablet=&#8221;&#8221; subhead_font_size_phone=&#8221;&#8221; subhead_font_size_last_edited=&#8221;on|phone&#8221; button_one_text_color_hover=&#8221;#ffffff&#8221; button_one_border_color_hover=&#8221;#0099e5&#8243; button_one_border_radius_hover=&#8221;0px&#8221; button_one_letter_spacing_hover=&#8221;2px&#8221; button_one_bg_color_hover=&#8221;#0099e5&#8243; global_colors_info=&#8221;{}&#8221; button_one_text_size__hover_enabled=&#8221;off&#8221; button_two_text_size__hover_enabled=&#8221;off&#8221; button_one_text_color__hover_enabled=&#8221;on&#8221; button_one_text_color__hover=&#8221;#ffffff&#8221; button_two_text_color__hover_enabled=&#8221;off&#8221; button_one_border_width__hover_enabled=&#8221;off&#8221; button_two_border_width__hover_enabled=&#8221;off&#8221; button_one_border_color__hover_enabled=&#8221;on&#8221; button_one_border_color__hover=&#8221;#0099e5&#8243; button_two_border_color__hover_enabled=&#8221;off&#8221; button_one_border_radius__hover_enabled=&#8221;on&#8221; button_one_border_radius__hover=&#8221;0px&#8221; button_two_border_radius__hover_enabled=&#8221;off&#8221; button_one_letter_spacing__hover_enabled=&#8221;on&#8221; button_one_letter_spacing__hover=&#8221;2px&#8221; button_two_letter_spacing__hover_enabled=&#8221;off&#8221; button_one_bg_color__hover_enabled=&#8221;on&#8221; button_one_bg_color__hover=&#8221;#0099e5&#8243; button_two_bg_color__hover_enabled=&#8221;off&#8221;][\/et_pb_fullwidth_header][\/et_pb_section][et_pb_section fb_built=&#8221;1&#8243; admin_label=&#8221;Pricing Section&#8221; _builder_version=&#8221;4.16&#8243; background_color=&#8221;#f7f7f7&#8243; custom_padding=&#8221;110px||110px|&#8221; hover_enabled=&#8221;0&#8243; global_colors_info=&#8221;{}&#8221; sticky_enabled=&#8221;0&#8243;][et_pb_row _builder_version=&#8221;4.27.4&#8243; background_color=&#8221;#ffffff&#8221; width=&#8221;50%&#8221; width_tablet=&#8221;50%&#8221; width_phone=&#8221;100%&#8221; width_last_edited=&#8221;on|desktop&#8221; max_width=&#8221;1309px&#8221; custom_margin=&#8221;-109px||96px||false|false&#8221; custom_padding=&#8221;0px|40px|40px|40px|false|false&#8221; box_shadow_style=&#8221;preset1&#8243; box_shadow_vertical=&#8221;16px&#8221; box_shadow_blur=&#8221;32px&#8221; box_shadow_color=&#8221;rgba(38,57,84,0.1)&#8221; global_colors_info=&#8221;{}&#8221;][et_pb_column type=&#8221;4_4&#8243; _builder_version=&#8221;4.16&#8243; custom_padding=&#8221;|||&#8221; global_colors_info=&#8221;{}&#8221; custom_padding__hover=&#8221;|||&#8221;][wpforms_selector form_id=&#8221;111&#8243; _builder_version=&#8221;4.27.4&#8243; _module_preset=&#8221;default&#8221; hover_enabled=&#8221;0&#8243; global_colors_info=&#8221;{}&#8221; sticky_enabled=&#8221;0&#8243;][\/wpforms_selector][\/et_pb_column][\/et_pb_row][\/et_pb_section]<\/p>\n","protected":false},"excerpt":{"rendered":"<div class=\"et_pb_module wpforms_selector wpforms_selector_0\">\n\t\t\t\t\n\t\t\t\t\n\t\t\t\t\n\t\t\t\t\n\t\t\t\t\n\t\t\t\t\n\t\t\t\t<div class=\"et_pb_module_inner\">\n\t\t\t\t\t<style id=\"wpforms-css-vars-111\">\n\t\t\t\t#wpforms-111 {\n\t\t\t\t--wpforms-container-padding: 0px;\n--wpforms-container-border-width: 1px;\n--wpforms-container-border-radius: 3px;\n--wpforms-background-color: rgba(0, 0, 0, 0);\n--wpforms-field-size-input-height: 43px;\n--wpforms-field-size-input-spacing: 15px;\n--wpforms-field-size-font-size: 16px;\n--wpforms-field-size-line-height: 19px;\n--wpforms-field-size-padding-h: 14px;\n--wpforms-field-size-checkbox-size: 16px;\n--wpforms-field-size-sublabel-spacing: 5px;\n--wpforms-field-size-icon-size: 1;\n--wpforms-label-size-font-size: 16px;\n--wpforms-label-size-line-height: 19px;\n--wpforms-label-size-sublabel-font-size: 14px;\n--wpforms-label-size-sublabel-line-height: 17px;\n--wpforms-button-size-font-size: 17px;\n--wpforms-button-size-height: 41px;\n--wpforms-button-size-padding-h: 15px;\n--wpforms-button-size-margin-top: 10px;\n--wpforms-container-shadow-size-box-shadow: none;\n\t\t\t}\n\t\t\t<\/style><div class=\"wpforms-container wpforms-container-full wpforms-render-modern\" id=\"wpforms-111\"><form id=\"wpforms-form-111\" class=\"wpforms-validate wpforms-form wpforms-ajax-form\" data-formid=\"111\" method=\"post\" enctype=\"multipart\/form-data\" action=\"\/fr_fr\/wp-json\/wp\/v2\/pages\/176\" data-token=\"8c3f6428ee749442a1548b5630c0e76d\" data-token-time=\"1776622143\"><noscript class=\"wpforms-error-noscript\">Veuillez activer JavaScript dans votre navigateur pour remplir ce formulaire.<\/noscript><div id=\"wpforms-error-noscript\" style=\"display: none;\">Veuillez activer JavaScript dans votre navigateur pour remplir ce formulaire.<\/div><div class=\"wpforms-field-container\"><div id=\"wpforms-111-field_1-container\" class=\"wpforms-field wpforms-field-name\" data-field-id=\"1\"><label class=\"wpforms-field-label\" for=\"wpforms-111-field_1\">Nom - Pr\u00e9nom <span class=\"wpforms-required-label\" aria-hidden=\"true\">*<\/span><\/label><input type=\"text\" id=\"wpforms-111-field_1\" class=\"wpforms-field-large wpforms-field-required\" name=\"wpforms[fields][1]\" aria-errormessage=\"wpforms-111-field_1-error\" required><\/div><div id=\"wpforms-111-field_5-container\" class=\"wpforms-field wpforms-field-email\" data-field-id=\"5\"><label class=\"wpforms-field-label\" for=\"wpforms-111-field_5\">Email <span class=\"wpforms-required-label\" aria-hidden=\"true\">*<\/span><\/label><input type=\"email\" id=\"wpforms-111-field_5\" class=\"wpforms-field-large wpforms-field-required\" name=\"wpforms[fields][5]\" spellcheck=\"false\" aria-errormessage=\"wpforms-111-field_5-error\" required><\/div><div id=\"wpforms-111-field_20-container\" class=\"wpforms-field wpforms-field-text\" data-field-id=\"20\"><label class=\"wpforms-field-label\" for=\"wpforms-111-field_20\">T\u00e9l\u00e9phone<\/label><input type=\"text\" id=\"wpforms-111-field_20\" class=\"wpforms-field-large\" name=\"wpforms[fields][20]\" aria-errormessage=\"wpforms-111-field_20-error\" ><\/div><div id=\"wpforms-111-field_17-container\" class=\"wpforms-field wpforms-field-text wpforms-one-half wpforms-first\" data-field-id=\"17\"><label class=\"wpforms-field-label\" for=\"wpforms-111-field_17\">Adresse<\/label><input type=\"text\" id=\"wpforms-111-field_17\" class=\"wpforms-field-large\" name=\"wpforms[fields][17]\" placeholder=\"Num\u00e9ro et nom de la rue\" aria-errormessage=\"wpforms-111-field_17-error\" ><\/div><div id=\"wpforms-111-field_18-container\" class=\"wpforms-field wpforms-field-text wpforms-one-half\" data-field-id=\"18\"><label class=\"wpforms-field-label\" for=\"wpforms-111-field_18\">Ville<\/label><input type=\"text\" id=\"wpforms-111-field_18\" class=\"wpforms-field-large\" name=\"wpforms[fields][18]\" placeholder=\"Code postal et ville\" aria-errormessage=\"wpforms-111-field_18-error\" ><\/div><div id=\"wpforms-111-field_2-container\" class=\"wpforms-field wpforms-field-radio\" data-field-id=\"2\"><fieldset><legend class=\"wpforms-field-label\">\u00cates vous un navigateur confirm\u00e9 ?<\/legend><ul id=\"wpforms-111-field_2\"><li class=\"choice-1 depth-1\"><input type=\"radio\" id=\"wpforms-111-field_2_1\" name=\"wpforms[fields][2]\" value=\"Niveau qualifi\u00e9\" aria-errormessage=\"wpforms-111-field_2_1-error\"  ><label class=\"wpforms-field-label-inline\" for=\"wpforms-111-field_2_1\">Niveau qualifi\u00e9<\/label><\/li><li class=\"choice-2 depth-1\"><input type=\"radio\" id=\"wpforms-111-field_2_2\" name=\"wpforms[fields][2]\" value=\"Bon niveau\" aria-errormessage=\"wpforms-111-field_2_2-error\"  ><label class=\"wpforms-field-label-inline\" for=\"wpforms-111-field_2_2\">Bon niveau<\/label><\/li><li class=\"choice-3 depth-1\"><input type=\"radio\" id=\"wpforms-111-field_2_3\" name=\"wpforms[fields][2]\" value=\"D\u00e9butant\" aria-errormessage=\"wpforms-111-field_2_3-error\"  ><label class=\"wpforms-field-label-inline\" for=\"wpforms-111-field_2_3\">D\u00e9butant<\/label><\/li><\/ul><\/fieldset><\/div><div id=\"wpforms-111-field_3-container\" class=\"wpforms-field wpforms-field-select wpforms-field-select-style-classic\" data-field-id=\"3\"><label class=\"wpforms-field-label\" for=\"wpforms-111-field_3\">Combien de personnes invitez-vous?<\/label><select id=\"wpforms-111-field_3\" class=\"wpforms-field-medium\" name=\"wpforms[fields][3]\"><option value=\"Juste moi\"  class=\"choice-1 depth-1\"  >Juste moi<\/option><option value=\"plus une personne\"  class=\"choice-2 depth-1\"  >plus une personne<\/option><option value=\"On sera quatre personnes\"  class=\"choice-3 depth-1\"  >On sera quatre personnes<\/option><\/select><\/div><div id=\"wpforms-111-field_4-container\" class=\"wpforms-field wpforms-field-textarea\" data-field-id=\"4\"><label class=\"wpforms-field-label\" for=\"wpforms-111-field_4\">Commentaires ou questions<\/label><textarea id=\"wpforms-111-field_4\" class=\"wpforms-field-medium\" name=\"wpforms[fields][4]\" aria-errormessage=\"wpforms-111-field_4-error\" ><\/textarea><\/div><div id=\"wpforms-111-field_21-container\" class=\"wpforms-field wpforms-field-gdpr-checkbox\" data-field-id=\"21\"><label class=\"wpforms-field-label\">Accord RGPD <span class=\"wpforms-required-label\" aria-hidden=\"true\">*<\/span><\/label><ul id=\"wpforms-111-field_21\" class=\"wpforms-field-required\"><li class=\"choice-1\"><input type=\"checkbox\" id=\"wpforms-111-field_21_1\" name=\"wpforms[fields][21][]\" value=\"Je consens \u00e0 ce que ce site stocke mes informations envoy\u00e9es afin qu\u2019ils puissent r\u00e9pondre \u00e0 ma requ\u00eate.\" aria-errormessage=\"wpforms-111-field_21_1-error\" required ><label class=\"wpforms-field-label-inline\" for=\"wpforms-111-field_21_1\">Je consens \u00e0 ce que ce site stocke mes informations envoy\u00e9es afin qu\u2019ils puissent r\u00e9pondre \u00e0 ma requ\u00eate.<\/label><\/li><\/ul><\/div><\/div><!-- .wpforms-field-container --><div class=\"wpforms-recaptcha-container wpforms-is-recaptcha wpforms-is-recaptcha-type-v2\" ><div class=\"g-recaptcha\" data-sitekey=\"6LffEJorAAAAAMmZ4EHRE5f-Xbnrp1kJNZpjM_7f\"><\/div><input type=\"text\" name=\"g-recaptcha-hidden\" class=\"wpforms-recaptcha-hidden\" style=\"position:absolute!important;clip:rect(0,0,0,0)!important;height:1px!important;width:1px!important;border:0!important;overflow:hidden!important;padding:0!important;margin:0!important;\" data-rule-recaptcha=\"1\"><\/div><div class=\"wpforms-submit-container\" ><input type=\"hidden\" name=\"wpforms[id]\" value=\"111\"><input type=\"hidden\" name=\"page_title\" value=\"\"><input type=\"hidden\" name=\"page_url\" value=\"https:\/\/www.cataruga.com\/fr_fr\/wp-json\/wp\/v2\/pages\/176\"><input type=\"hidden\" name=\"url_referer\" value=\"\"><button type=\"submit\" name=\"wpforms[submit]\" id=\"wpforms-submit-111\" class=\"wpforms-submit\" data-alt-text=\"En cours\" data-submit-text=\"Envoyez\" aria-live=\"assertive\" value=\"wpforms-submit\">Envoyez<\/button><img loading=\"lazy\" decoding=\"async\" src=\"https:\/\/www.cataruga.com\/wp-content\/plugins\/wpforms-lite\/assets\/images\/submit-spin.svg\" class=\"wpforms-submit-spinner\" style=\"display: none;\" width=\"26\" height=\"26\" alt=\"Chargement en cours\"><\/div><\/form><\/div>  <!-- .wpforms-container -->\n\t\t\t\t<\/div>\n\t\t\t<\/div>\n","protected":false},"author":1,"featured_media":0,"parent":0,"menu_order":0,"comment_status":"closed","ping_status":"closed","template":"","meta":{"_et_pb_use_builder":"on","_et_pb_old_content":"","_et_gb_content_width":"","footnotes":""},"class_list":["post-176","page","type-page","status-publish","hentry"],"yoast_head":"<!-- This site is optimized with the Yoast SEO plugin v27.2 - https:\/\/yoast.com\/product\/yoast-seo-wordpress\/ -->\n<title>Demande d&#039;inscription - cataruga<\/title>\n<meta name=\"robots\" content=\"index, follow, max-snippet:-1, max-image-preview:large, max-video-preview:-1\" \/>\n<link rel=\"canonical\" href=\"https:\/\/www.cataruga.com\/fr_fr\/176-2\/\" \/>\n<meta property=\"og:locale\" content=\"fr_FR\" \/>\n<meta property=\"og:type\" content=\"article\" \/>\n<meta property=\"og:title\" content=\"Demande d&#039;inscription - cataruga\" \/>\n<meta property=\"og:url\" content=\"https:\/\/www.cataruga.com\/fr_fr\/176-2\/\" \/>\n<meta property=\"og:site_name\" content=\"cataruga\" \/>\n<meta property=\"article:modified_time\" content=\"2025-08-04T17:27:03+00:00\" \/>\n<meta name=\"twitter:card\" content=\"summary_large_image\" \/>\n<meta name=\"twitter:description\" content=\"[wpforms_selector form_id=&quot;111&quot; _builder_version=&quot;4.27.4&quot; _module_preset=&quot;default&quot; hover_enabled=&quot;0&quot; global_colors_info=&quot;{}&quot; sticky_enabled=&quot;0&quot;][\/wpforms_selector]\" \/>\n<meta name=\"twitter:label1\" content=\"Dur\u00e9e de lecture estim\u00e9e\" \/>\n\t<meta name=\"twitter:data1\" content=\"2 minutes\" \/>\n<script type=\"application\/ld+json\" class=\"yoast-schema-graph\">{\"@context\":\"https:\/\/schema.org\",\"@graph\":[{\"@type\":\"WebPage\",\"@id\":\"https:\/\/www.cataruga.com\/176-2\/\",\"url\":\"https:\/\/www.cataruga.com\/176-2\/\",\"name\":\"Demande d'inscription - cataruga\",\"isPartOf\":{\"@id\":\"https:\/\/www.cataruga.com\/#website\"},\"datePublished\":\"2025-06-30T14:12:33+00:00\",\"dateModified\":\"2025-08-04T17:27:03+00:00\",\"breadcrumb\":{\"@id\":\"https:\/\/www.cataruga.com\/176-2\/#breadcrumb\"},\"inLanguage\":\"fr-FR\",\"potentialAction\":[{\"@type\":\"ReadAction\",\"target\":[\"https:\/\/www.cataruga.com\/176-2\/\"]}]},{\"@type\":\"BreadcrumbList\",\"@id\":\"https:\/\/www.cataruga.com\/176-2\/#breadcrumb\",\"itemListElement\":[{\"@type\":\"ListItem\",\"position\":1,\"name\":\"Accueil\",\"item\":\"https:\/\/www.cataruga.com\/\"},{\"@type\":\"ListItem\",\"position\":2,\"name\":\"Demande d&#8217;inscription\"}]},{\"@type\":\"WebSite\",\"@id\":\"https:\/\/www.cataruga.com\/#website\",\"url\":\"https:\/\/www.cataruga.com\/\",\"name\":\"cataruga\",\"description\":\"site du catamaran &quot;La tortue 147&quot; fabriqu\u00e9 par Cataruga\",\"potentialAction\":[{\"@type\":\"SearchAction\",\"target\":{\"@type\":\"EntryPoint\",\"urlTemplate\":\"https:\/\/www.cataruga.com\/?s={search_term_string}\"},\"query-input\":{\"@type\":\"PropertyValueSpecification\",\"valueRequired\":true,\"valueName\":\"search_term_string\"}}],\"inLanguage\":\"fr-FR\"}]}<\/script>\n<!-- \/ Yoast SEO plugin. -->","yoast_head_json":{"title":"Demande d'inscription - cataruga","robots":{"index":"index","follow":"follow","max-snippet":"max-snippet:-1","max-image-preview":"max-image-preview:large","max-video-preview":"max-video-preview:-1"},"canonical":"https:\/\/www.cataruga.com\/fr_fr\/176-2\/","og_locale":"fr_FR","og_type":"article","og_title":"Demande d'inscription - cataruga","og_url":"https:\/\/www.cataruga.com\/fr_fr\/176-2\/","og_site_name":"cataruga","article_modified_time":"2025-08-04T17:27:03+00:00","twitter_card":"summary_large_image","twitter_description":"[wpforms_selector form_id=\"111\" _builder_version=\"4.27.4\" _module_preset=\"default\" hover_enabled=\"0\" global_colors_info=\"{}\" sticky_enabled=\"0\"][\/wpforms_selector]","twitter_misc":{"Dur\u00e9e de lecture estim\u00e9e":"2 minutes"},"schema":{"@context":"https:\/\/schema.org","@graph":[{"@type":"WebPage","@id":"https:\/\/www.cataruga.com\/176-2\/","url":"https:\/\/www.cataruga.com\/176-2\/","name":"Demande d'inscription - cataruga","isPartOf":{"@id":"https:\/\/www.cataruga.com\/#website"},"datePublished":"2025-06-30T14:12:33+00:00","dateModified":"2025-08-04T17:27:03+00:00","breadcrumb":{"@id":"https:\/\/www.cataruga.com\/176-2\/#breadcrumb"},"inLanguage":"fr-FR","potentialAction":[{"@type":"ReadAction","target":["https:\/\/www.cataruga.com\/176-2\/"]}]},{"@type":"BreadcrumbList","@id":"https:\/\/www.cataruga.com\/176-2\/#breadcrumb","itemListElement":[{"@type":"ListItem","position":1,"name":"Accueil","item":"https:\/\/www.cataruga.com\/"},{"@type":"ListItem","position":2,"name":"Demande d&#8217;inscription"}]},{"@type":"WebSite","@id":"https:\/\/www.cataruga.com\/#website","url":"https:\/\/www.cataruga.com\/","name":"cataruga","description":"site du catamaran &quot;La tortue 147&quot; fabriqu\u00e9 par Cataruga","potentialAction":[{"@type":"SearchAction","target":{"@type":"EntryPoint","urlTemplate":"https:\/\/www.cataruga.com\/?s={search_term_string}"},"query-input":{"@type":"PropertyValueSpecification","valueRequired":true,"valueName":"search_term_string"}}],"inLanguage":"fr-FR"}]}},"_links":{"self":[{"href":"https:\/\/www.cataruga.com\/fr_fr\/wp-json\/wp\/v2\/pages\/176","targetHints":{"allow":["GET"]}}],"collection":[{"href":"https:\/\/www.cataruga.com\/fr_fr\/wp-json\/wp\/v2\/pages"}],"about":[{"href":"https:\/\/www.cataruga.com\/fr_fr\/wp-json\/wp\/v2\/types\/page"}],"author":[{"embeddable":true,"href":"https:\/\/www.cataruga.com\/fr_fr\/wp-json\/wp\/v2\/users\/1"}],"replies":[{"embeddable":true,"href":"https:\/\/www.cataruga.com\/fr_fr\/wp-json\/wp\/v2\/comments?post=176"}],"version-history":[{"count":13,"href":"https:\/\/www.cataruga.com\/fr_fr\/wp-json\/wp\/v2\/pages\/176\/revisions"}],"predecessor-version":[{"id":1323,"href":"https:\/\/www.cataruga.com\/fr_fr\/wp-json\/wp\/v2\/pages\/176\/revisions\/1323"}],"wp:attachment":[{"href":"https:\/\/www.cataruga.com\/fr_fr\/wp-json\/wp\/v2\/media?parent=176"}],"curies":[{"name":"wp","href":"https:\/\/api.w.org\/{rel}","templated":true}]}}